{"id":696,"date":"2024-03-09T10:33:00","date_gmt":"2024-03-09T13:33:00","guid":{"rendered":"https:\/\/funerariavida.com.br\/?page_id=696"},"modified":"2024-03-28T15:03:46","modified_gmt":"2024-03-28T18:03:46","slug":"obituario","status":"publish","type":"page","link":"https:\/\/funerariavida.com.br\/?page_id=696","title":{"rendered":"Obitu\u00e1rio"},"content":{"rendered":"<style>.elementor-696 .elementor-element.elementor-element-b76511e{--display:flex;--min-height:497px;--flex-direction:column;--container-widget-width:100%;--container-widget-height:initial;--container-widget-flex-grow:0;--container-widget-align-self:initial;--flex-wrap-mobile:wrap;--justify-content:center;--overlay-opacity:1;}.elementor-696 .elementor-element.elementor-element-b76511e::before, .elementor-696 .elementor-element.elementor-element-b76511e > .elementor-background-video-container::before, .elementor-696 .elementor-element.elementor-element-b76511e > .e-con-inner > .elementor-background-video-container::before, .elementor-696 .elementor-element.elementor-element-b76511e > .elementor-background-slideshow::before, .elementor-696 .elementor-element.elementor-element-b76511e > .e-con-inner > .elementor-background-slideshow::before, .elementor-696 .elementor-element.elementor-element-b76511e > .elementor-motion-effects-container > .elementor-motion-effects-layer::before{background-color:var( --e-global-color-primary );--background-overlay:'';}.elementor-696 .elementor-element.elementor-element-e8ae1a1{--display:flex;--justify-content:center;}.elementor-696 .elementor-element.elementor-element-8f0dd20 .elementskit-section-title-wraper .elementskit-section-title{color:var( --e-global-color-21bfb04 );margin:0px 0px 0px 0px;font-family:var( --e-global-typography-primary-font-family ), Sans-serif;font-size:var( --e-global-typography-primary-font-size );font-weight:var( --e-global-typography-primary-font-weight );line-height:var( --e-global-typography-primary-line-height );}.elementor-696 .elementor-element.elementor-element-8f0dd20 .elementskit-section-title-wraper .elementskit-section-title > span{color:var( --e-global-color-21bfb04 );}.elementor-696 .elementor-element.elementor-element-8f0dd20 .elementskit-section-title-wraper .elementskit-section-title:hover > span{color:var( --e-global-color-21bfb04 );}.elementor-696 .elementor-element.elementor-element-8f0dd20 .elementskit-section-title-wraper .elementskit-section-title span:last-child, .elementor-696 .elementor-element.elementor-element-8f0dd20 .elementskit-section-title-wraper .elementskit-section-title > span{font-family:var( --e-global-typography-92b0a2d-font-family ), Sans-serif;font-size:var( --e-global-typography-92b0a2d-font-size );font-weight:var( --e-global-typography-92b0a2d-font-weight );line-height:var( --e-global-typography-92b0a2d-line-height );}.elementor-696 .elementor-element.elementor-element-8f0dd20 .elementskit-section-title-wraper p{color:var( --e-global-color-21bfb04 );font-family:var( --e-global-typography-92b0a2d-font-family ), Sans-serif;font-size:var( --e-global-typography-92b0a2d-font-size );font-weight:var( --e-global-typography-92b0a2d-font-weight );line-height:var( --e-global-typography-92b0a2d-line-height );}.elementor-696 .elementor-element.elementor-element-fba195d{text-align:center;}.elementor-696 .elementor-element.elementor-element-fba195d .elementor-heading-title{font-family:\"Poppins\", Sans-serif;font-size:30px;font-weight:400;line-height:1.2em;color:var( --e-global-color-21bfb04 );}.elementor-696 .elementor-element.elementor-element-66b7ccd{--display:flex;--flex-direction:column;--container-widget-width:100%;--container-widget-height:initial;--container-widget-flex-grow:0;--container-widget-align-self:initial;--flex-wrap-mobile:wrap;}.elementor-696 .elementor-element.elementor-element-2b22b23 > .elementor-widget-container > .jet-listing-grid > .jet-listing-grid__items{--columns:3;}.elementor-696 .elementor-element.elementor-element-2b22b23 .jet-listing-not-found{font-family:var( --e-global-typography-61eed76-font-family ), Sans-serif;font-size:var( --e-global-typography-61eed76-font-size );font-weight:var( --e-global-typography-61eed76-font-weight );line-height:var( --e-global-typography-61eed76-line-height );color:var( --e-global-color-primary );}:root{--page-title-display:none;}@media(max-width:1366px){.elementor-696 .elementor-element.elementor-element-8f0dd20 .elementskit-section-title-wraper .elementskit-section-title{font-size:var( --e-global-typography-primary-font-size );line-height:var( --e-global-typography-primary-line-height );}.elementor-696 .elementor-element.elementor-element-8f0dd20 .elementskit-section-title-wraper .elementskit-section-title span:last-child, .elementor-696 .elementor-element.elementor-element-8f0dd20 .elementskit-section-title-wraper .elementskit-section-title > span{font-size:var( --e-global-typography-92b0a2d-font-size );line-height:var( --e-global-typography-92b0a2d-line-height );}.elementor-696 .elementor-element.elementor-element-8f0dd20 .elementskit-section-title-wraper p{font-size:var( --e-global-typography-92b0a2d-font-size );line-height:var( --e-global-typography-92b0a2d-line-height );}.elementor-696 .elementor-element.elementor-element-2b22b23 .jet-listing-not-found{font-size:var( --e-global-typography-61eed76-font-size );line-height:var( --e-global-typography-61eed76-line-height );}}@media(max-width:1024px){.elementor-696 .elementor-element.elementor-element-8f0dd20 .elementskit-section-title-wraper .elementskit-section-title{font-size:var( --e-global-typography-primary-font-size );line-height:var( --e-global-typography-primary-line-height );}.elementor-696 .elementor-element.elementor-element-8f0dd20 .elementskit-section-title-wraper .elementskit-section-title span:last-child, .elementor-696 .elementor-element.elementor-element-8f0dd20 .elementskit-section-title-wraper .elementskit-section-title > span{font-size:var( --e-global-typography-92b0a2d-font-size );line-height:var( --e-global-typography-92b0a2d-line-height );}.elementor-696 .elementor-element.elementor-element-8f0dd20 .elementskit-section-title-wraper p{font-size:var( --e-global-typography-92b0a2d-font-size );line-height:var( --e-global-typography-92b0a2d-line-height );}.elementor-696 .elementor-element.elementor-element-2b22b23 .jet-listing-not-found{font-size:var( --e-global-typography-61eed76-font-size );line-height:var( --e-global-typography-61eed76-line-height );}}@media(max-width:767px){.elementor-696 .elementor-element.elementor-element-8f0dd20 .elementskit-section-title-wraper .elementskit-section-title{font-size:var( --e-global-typography-primary-font-size );line-height:var( --e-global-typography-primary-line-height );}.elementor-696 .elementor-element.elementor-element-8f0dd20 .elementskit-section-title-wraper .elementskit-section-title span:last-child, .elementor-696 .elementor-element.elementor-element-8f0dd20 .elementskit-section-title-wraper .elementskit-section-title > span{font-size:var( --e-global-typography-92b0a2d-font-size );line-height:var( --e-global-typography-92b0a2d-line-height );}.elementor-696 .elementor-element.elementor-element-8f0dd20 .elementskit-section-title-wraper p{font-size:var( --e-global-typography-92b0a2d-font-size );line-height:var( --e-global-typography-92b0a2d-line-height );}.elementor-696 .elementor-element.elementor-element-fba195d .elementor-heading-title{font-size:18px;}.elementor-696 .elementor-element.elementor-element-2b22b23 > .elementor-widget-container > .jet-listing-grid > .jet-listing-grid__items{--columns:1;}.elementor-696 .elementor-element.elementor-element-2b22b23 .jet-listing-not-found{font-size:var( --e-global-typography-61eed76-font-size );line-height:var( --e-global-typography-61eed76-line-height );}}@media(min-width:2400px){.elementor-696 .elementor-element.elementor-element-8f0dd20 .elementskit-section-title-wraper .elementskit-section-title{font-size:var( --e-global-typography-primary-font-size );line-height:var( --e-global-typography-primary-line-height );}.elementor-696 .elementor-element.elementor-element-8f0dd20 .elementskit-section-title-wraper .elementskit-section-title span:last-child, .elementor-696 .elementor-element.elementor-element-8f0dd20 .elementskit-section-title-wraper .elementskit-section-title > span{font-size:var( --e-global-typography-92b0a2d-font-size );line-height:var( --e-global-typography-92b0a2d-line-height );}.elementor-696 .elementor-element.elementor-element-8f0dd20 .elementskit-section-title-wraper p{font-size:var( --e-global-typography-92b0a2d-font-size );line-height:var( --e-global-typography-92b0a2d-line-height );}.elementor-696 .elementor-element.elementor-element-2b22b23 > .elementor-widget-container > .jet-listing-grid > .jet-listing-grid__items{--columns:3;}.elementor-696 .elementor-element.elementor-element-2b22b23 .jet-listing-not-found{font-size:var( --e-global-typography-61eed76-font-size );line-height:var( --e-global-typography-61eed76-line-height );}}<\/style>\t\t<div data-elementor-type=\"wp-page\" data-elementor-id=\"696\" class=\"elementor elementor-696\">\n\t\t\t\t<div class=\"elementor-element elementor-element-b76511e e-flex e-con-boxed e-con e-parent\" data-id=\"b76511e\" data-element_type=\"container\">\n\t\t\t\t\t<div class=\"e-con-inner\">\n\t\t<div class=\"elementor-element elementor-element-e8ae1a1 e-flex e-con-boxed e-con e-child\" data-id=\"e8ae1a1\" data-element_type=\"container\">\n\t\t\t\t\t<div class=\"e-con-inner\">\n\t\t\t\t<div class=\"elementor-element elementor-element-8f0dd20 elementor-widget elementor-widget-elementskit-heading\" data-id=\"8f0dd20\" data-element_type=\"widget\" data-widget_type=\"elementskit-heading.default\">\n\t\t\t\t<div class=\"elementor-widget-container\">\n\t\t\t\t\t<div class=\"ekit-wid-con\" ><div class=\"ekit-heading elementskit-section-title-wraper text_center   ekit_heading_tablet-   ekit_heading_mobile-\"><h2 class=\"ekit-heading--title elementskit-section-title \">Obitu\u00e1rio<\/h2>\t\t\t\t<div class='ekit-heading__description'>\n\t\t\t\t\t<p>Preste sua homenagem as pessoas que faleceram:<\/p>\n\t\t\t\t<\/div>\n\t\t\t<\/div><\/div>\t\t\t\t<\/div>\n\t\t\t\t<\/div>\n\t\t\t\t<div class=\"elementor-element elementor-element-fba195d elementor-widget elementor-widget-heading\" data-id=\"fba195d\" data-element_type=\"widget\" data-widget_type=\"heading.default\">\n\t\t\t\t<div class=\"elementor-widget-container\">\n\t\t\t\t\t<h2 class=\"elementor-heading-title elementor-size-default\">\"O cora\u00e7\u00e3o \u00e9 o lugar onde guardamos os amores que n\u00e3o morrem.\"<\/h2>\t\t\t\t<\/div>\n\t\t\t\t<\/div>\n\t\t\t\t\t<\/div>\n\t\t\t\t<\/div>\n\t\t\t\t\t<\/div>\n\t\t\t\t<\/div>\n\t\t<div class=\"elementor-element elementor-element-66b7ccd e-flex e-con-boxed e-con e-parent\" data-id=\"66b7ccd\" data-element_type=\"container\">\n\t\t\t\t\t<div class=\"e-con-inner\">\n\t\t\t\t<div class=\"elementor-element elementor-element-2b22b23 elementor-widget elementor-widget-jet-listing-grid\" data-id=\"2b22b23\" data-element_type=\"widget\" data-settings=\"{&quot;columns&quot;:3,&quot;columns_widescreen&quot;:&quot;3&quot;,&quot;columns_mobile&quot;:&quot;1&quot;}\" data-widget_type=\"jet-listing-grid.default\">\n\t\t\t\t<div class=\"elementor-widget-container\">\n\t\t\t\t\t<div class=\"jet-listing-grid jet-listing\"><div class=\"jet-listing-not-found jet-listing-grid__items\" data-nav=\"{&quot;enabled&quot;:false,&quot;type&quot;:null,&quot;more_el&quot;:null,&quot;query&quot;:[],&quot;widget_settings&quot;:{&quot;lisitng_id&quot;:792,&quot;posts_num&quot;:6,&quot;columns&quot;:3,&quot;columns_tablet&quot;:3,&quot;columns_mobile&quot;:1,&quot;column_min_width&quot;:240,&quot;column_min_width_tablet&quot;:240,&quot;column_min_width_mobile&quot;:240,&quot;inline_columns_css&quot;:false,&quot;is_archive_template&quot;:&quot;&quot;,&quot;post_status&quot;:[&quot;publish&quot;],&quot;use_random_posts_num&quot;:&quot;&quot;,&quot;max_posts_num&quot;:9,&quot;not_found_message&quot;:&quot;Sem dados no banco&quot;,&quot;is_masonry&quot;:false,&quot;equal_columns_height&quot;:&quot;&quot;,&quot;use_load_more&quot;:&quot;&quot;,&quot;load_more_id&quot;:&quot;&quot;,&quot;load_more_type&quot;:&quot;click&quot;,&quot;load_more_offset&quot;:{&quot;unit&quot;:&quot;px&quot;,&quot;size&quot;:0,&quot;sizes&quot;:[]},&quot;use_custom_post_types&quot;:&quot;&quot;,&quot;custom_post_types&quot;:[],&quot;hide_widget_if&quot;:&quot;&quot;,&quot;carousel_enabled&quot;:&quot;&quot;,&quot;slides_to_scroll&quot;:&quot;1&quot;,&quot;arrows&quot;:&quot;true&quot;,&quot;arrow_icon&quot;:&quot;fa fa-angle-left&quot;,&quot;dots&quot;:&quot;&quot;,&quot;autoplay&quot;:&quot;true&quot;,&quot;pause_on_hover&quot;:&quot;true&quot;,&quot;autoplay_speed&quot;:5000,&quot;infinite&quot;:&quot;true&quot;,&quot;center_mode&quot;:&quot;&quot;,&quot;effect&quot;:&quot;slide&quot;,&quot;speed&quot;:500,&quot;inject_alternative_items&quot;:&quot;&quot;,&quot;injection_items&quot;:[],&quot;scroll_slider_enabled&quot;:&quot;&quot;,&quot;scroll_slider_on&quot;:[&quot;desktop&quot;,&quot;tablet&quot;,&quot;mobile&quot;],&quot;custom_query&quot;:false,&quot;custom_query_id&quot;:&quot;&quot;,&quot;_element_id&quot;:&quot;&quot;,&quot;collapse_first_last_gap&quot;:false,&quot;list_items_wrapper_tag&quot;:&quot;div&quot;,&quot;list_item_tag&quot;:&quot;div&quot;,&quot;empty_items_wrapper_tag&quot;:&quot;div&quot;}}\" data-listing-source=\"rest_api_endpoint\" data-listing-id=\"792\" data-query-id=\"\" >Sem dados no banco<\/div><\/div>\t\t\t\t<\/div>\n\t\t\t\t<\/div>\n\t\t\t\t\t<\/div>\n\t\t\t\t<\/div>\n\t\t\t\t<\/div>\n\t\t","protected":false},"excerpt":{"rendered":"<p>Obitu\u00e1rio Preste sua homenagem as pessoas que faleceram: &#8220;O cora\u00e7\u00e3o \u00e9 o lugar onde guardamos os amores que n\u00e3o morrem.&#8221; Cidade: Homenagear Adicione uma rosa Cidade: Homenagear Adicione uma rosa Cidade: Homenagear Adicione uma rosa<\/p>\n","protected":false},"author":1,"featured_media":0,"parent":0,"menu_order":0,"comment_status":"closed","ping_status":"closed","template":"","meta":{"footnotes":""},"class_list":["post-696","page","type-page","status-publish","hentry"],"_links":{"self":[{"href":"https:\/\/funerariavida.com.br\/index.php?rest_route=\/wp\/v2\/pages\/696","targetHints":{"allow":["GET"]}}],"collection":[{"href":"https:\/\/funerariavida.com.br\/index.php?rest_route=\/wp\/v2\/pages"}],"about":[{"href":"https:\/\/funerariavida.com.br\/index.php?rest_route=\/wp\/v2\/types\/page"}],"author":[{"embeddable":true,"href":"https:\/\/funerariavida.com.br\/index.php?rest_route=\/wp\/v2\/users\/1"}],"replies":[{"embeddable":true,"href":"https:\/\/funerariavida.com.br\/index.php?rest_route=%2Fwp%2Fv2%2Fcomments&post=696"}],"version-history":[{"count":0,"href":"https:\/\/funerariavida.com.br\/index.php?rest_route=\/wp\/v2\/pages\/696\/revisions"}],"wp:attachment":[{"href":"https:\/\/funerariavida.com.br\/index.php?rest_route=%2Fwp%2Fv2%2Fmedia&parent=696"}],"curies":[{"name":"wp","href":"https:\/\/api.w.org\/{rel}","templated":true}]}}